{"id":199,"date":"2025-10-19T17:41:52","date_gmt":"2025-10-19T17:41:52","guid":{"rendered":"https:\/\/unitedspanielclub.be\/?page_id=199"},"modified":"2026-02-06T16:35:44","modified_gmt":"2026-02-06T16:35:44","slug":"home_en-francais","status":"publish","type":"page","link":"https:\/\/unitedspanielclub.be\/?page_id=199&lang=fr","title":{"rendered":"Home_EN &#8211; Fran\u00e7ais"},"content":{"rendered":"\r\n\r\n\r\n\r\n\r\n\r\n\r\n\r\n\r\n\r\n\r\n<p>Rencontrez les membres fondateurs du United Spaniel Club. Avec beaucoup de passion et de d\u00e9vouement, nous visons \u00e0 partager notre amour pour toutes les races de Spaniels. A travers des s\u00e9minaires, des balades, des ateliers, des spectacles et des initiations \u00e0 la chasse, nous nous effor\u00e7ons d&#8217;offrir une exp\u00e9rience compl\u00e8te et enrichissante \u00e0 chaque passionn\u00e9. Notre objectif est de rassembler les connaissances, les traditions et la communaut\u00e9, en c\u00e9l\u00e9brant tout ce qui rend les Spaniels si sp\u00e9ciaux. Faites partie d&#8217;une communaut\u00e9 passionn\u00e9e, n&#8217;attendez plus et rejoignez-nous.<\/p>\r\n<p>&nbsp;<\/p>\r\n<p>&nbsp;<\/p>\r\n<p style=\"text-align: center;\"><em><strong><a href=\"https:\/\/unitedspanielclub.be\/wp-content\/uploads\/2026\/01\/Lidmaatschapformulier-USC.pdf\" target=\"_blank\" rel=\"noopener\">!!! CLIQUEZ ICI ET DEVENEZ MEMBRE !!!<\/a><\/strong><\/em><\/p>\r\n<p>&nbsp;<\/p>\r\n<p>&nbsp;<\/p>\r\n<p>&nbsp;<\/p>\r\n\r\n\r\n\r\n\r\n\r\n\r\n\r\n<p>&nbsp;<\/p>\r\n<div id=\"ConnectiveDocSignExtentionInstalled\" data-extension-version=\"1.0.4\">\u00a0<\/div>","protected":false},"excerpt":{"rendered":"<p>&nbsp; \u00a0<\/p>\n","protected":false},"author":1,"featured_media":0,"parent":0,"menu_order":0,"comment_status":"closed","ping_status":"closed","template":"","meta":{"pagelayer_contact_templates":[],"_pagelayer_content":"","footnotes":""},"class_list":["post-199","page","type-page","status-publish","hentry"],"_links":{"self":[{"href":"https:\/\/unitedspanielclub.be\/index.php?rest_route=\/wp\/v2\/pages\/199","targetHints":{"allow":["GET"]}}],"collection":[{"href":"https:\/\/unitedspanielclub.be\/index.php?rest_route=\/wp\/v2\/pages"}],"about":[{"href":"https:\/\/unitedspanielclub.be\/index.php?rest_route=\/wp\/v2\/types\/page"}],"author":[{"embeddable":true,"href":"https:\/\/unitedspanielclub.be\/index.php?rest_route=\/wp\/v2\/users\/1"}],"replies":[{"embeddable":true,"href":"https:\/\/unitedspanielclub.be\/index.php?rest_route=%2Fwp%2Fv2%2Fcomments&post=199"}],"version-history":[{"count":14,"href":"https:\/\/unitedspanielclub.be\/index.php?rest_route=\/wp\/v2\/pages\/199\/revisions"}],"predecessor-version":[{"id":462,"href":"https:\/\/unitedspanielclub.be\/index.php?rest_route=\/wp\/v2\/pages\/199\/revisions\/462"}],"wp:attachment":[{"href":"https:\/\/unitedspanielclub.be\/index.php?rest_route=%2Fwp%2Fv2%2Fmedia&parent=199"}],"curies":[{"name":"wp","href":"https:\/\/api.w.org\/{rel}","templated":true}]}}